{"id":918,"date":"2026-03-26T09:15:27","date_gmt":"2026-03-26T08:15:27","guid":{"rendered":"https:\/\/radiobarullu.com\/?page_id=918"},"modified":"2026-03-24T12:34:27","modified_gmt":"2026-03-24T11:34:27","slug":"programa-010","status":"publish","type":"page","link":"https:\/\/radiobarullu.com\/ast-es\/programa-010\/","title":{"rendered":"Programa 010"},"content":{"rendered":"\t\t<div data-elementor-type=\"wp-page\" data-elementor-id=\"918\" class=\"elementor elementor-918 elementor-917\" data-elementor-post-type=\"page\">\n\t\t\t\t<div class=\"elementor-element elementor-element-806a008 e-con-full e-flex sc_layouts_column_icons_position_left e-con e-parent\" data-id=\"806a008\" data-element_type=\"container\" data-settings=\"{&quot;background_background&quot;:&quot;classic&quot;}\">\n\t\t<div class=\"elementor-element elementor-element-a42f8df e-con-full e-flex sc_layouts_column_icons_position_left e-con e-child\" data-id=\"a42f8df\" data-element_type=\"container\">\n\t\t\t\t<div class=\"elementor-element elementor-element-cd90a47 sc_fly_static elementor-widget elementor-widget-heading\" data-id=\"cd90a47\" data-element_type=\"widget\" data-widget_type=\"heading.default\">\n\t\t\t\t\t<h2 class=\"elementor-heading-title elementor-size-default\">PRO<br>GRA<br>MA<br>010<\/h2>\t\t\t\t<\/div>\n\t\t\t\t<div class=\"elementor-element elementor-element-961ed34 sc_fly_static elementor-widget elementor-widget-heading\" data-id=\"961ed34\" data-element_type=\"widget\" data-widget_type=\"heading.default\">\n\t\t\t\t\t<h2 class=\"elementor-heading-title elementor-size-default\">26.03.26<\/h2>\t\t\t\t<\/div>\n\t\t\t\t<div class=\"elementor-element elementor-element-6bebd9f sc_fly_static elementor-widget elementor-widget-text-editor\" data-id=\"6bebd9f\" data-element_type=\"widget\" data-widget_type=\"text-editor.default\">\n\t\t\t\t\t\t\t\t\t<p>Esti programa va de ciertos ut\u00f3picos nel chigre m\u00e1s cultural de L\u2019Infiestu. Va d\u2019asamblees pol decrecer pa siguir creciendo y de siguir baillando al ritmu de D\u00fao Impresi\u00f3n. Va d\u2019un chigre con mucha identid\u00e1 asturiana con ventiocho a\u00f1os d\u2019esperiencia. Va d\u2019un pinchu llam\u00e1u la bomba y d\u2019an\u00e9cdotes nel Bar Modesto. Va de la historia de la calle del Quesu. Va de m\u00e1s v\u00eda crucis que nunca y eso que tov\u00eda queda una selmana. <\/p>\t\t\t\t\t\t\t\t<\/div>\n\t\t\t\t<\/div>\n\t\t<div class=\"elementor-element elementor-element-3914954 e-con-full e-flex sc_layouts_column_icons_position_left e-con e-child\" data-id=\"3914954\" data-element_type=\"container\" data-settings=\"{&quot;background_background&quot;:&quot;classic&quot;}\">\n\t\t\t\t<div class=\"elementor-element elementor-element-007fbd6 sc_fly_static elementor-widget elementor-widget-image\" data-id=\"007fbd6\" data-element_type=\"widget\" data-widget_type=\"image.default\">\n\t\t\t\t\t\t\t\t\t\t\t\t\t\t\t<img fetchpriority=\"high\" decoding=\"async\" width=\"860\" height=\"650\" src=\"https:\/\/radiobarullu.com\/wp-content\/uploads\/2026\/03\/010-Web-02.jpg\" class=\"attachment-full size-full wp-image-924\" alt=\"\" srcset=\"https:\/\/radiobarullu.com\/wp-content\/uploads\/2026\/03\/010-Web-02.jpg 860w, https:\/\/radiobarullu.com\/wp-content\/uploads\/2026\/03\/010-Web-02-300x227.jpg 300w, https:\/\/radiobarullu.com\/wp-content\/uploads\/2026\/03\/010-Web-02-768x580.jpg 768w, https:\/\/radiobarullu.com\/wp-content\/uploads\/2026\/03\/010-Web-02-370x280.jpg 370w, https:\/\/radiobarullu.com\/wp-content\/uploads\/2026\/03\/010-Web-02-840x635.jpg 840w, https:\/\/radiobarullu.com\/wp-content\/uploads\/2026\/03\/010-Web-02-410x310.jpg 410w\" sizes=\"(max-width: 860px) 100vw, 860px\" \/>\t\t\t\t\t\t\t\t\t\t\t\t\t\t\t<\/div>\n\t\t\t\t<\/div>\n\t\t\t\t<\/div>\n\t\t<div class=\"elementor-element elementor-element-e1b4478 e-con-full e-flex sc_layouts_column_icons_position_left e-con e-parent\" data-id=\"e1b4478\" data-element_type=\"container\">\n\t\t\t\t<div class=\"elementor-element elementor-element-10de6fd sc_fly_static elementor-widget elementor-widget-trx_widget_audio\" data-id=\"10de6fd\" data-element_type=\"widget\" data-widget_type=\"trx_widget_audio.default\">\n\t\t\t\t<div class=\"elementor-widget-container\">\n\t\t\t\t\t<div class=\"widget_area sc_widget_audio\"><aside class=\"widget widget_audio\"><div class=\"trx_addons_audio_wrap\">\n\t\t<div class=\"trx_addons_audio_list\">\n\t\t\t\t\t\t<div class=\"trx_addons_audio_player\n\t\t\t\t without_cover\t    \t\t\"\n\t\t\t\t>\n                    <div class=\"trx_addons_audio_player_image\"\n                    ><\/div>\n\n\t\t\t\t\t<div class=\"trx_addons_audio_player_wrap\">\n                    \t\t\t\t\t\t<div class=\"audio_info\">\n\t\t\t\t\t\t\t<h5 class=\"audio_now_playing\">Radiu Barullu<\/h5>\t\t\t\t\t\t\t\t<h5 class=\"audio_caption\">Programa #010<\/h5>\n\t\t\t\t\t\t\t\t\t\t\t\t\t\t<\/div>\n\t\t\t\t\t\t\t\t\t\t\t<div class=\"audio_frame audio_local\">\n\t\t\t\t\t<audio data-src=\"https:\/\/radiobarullu.com\/wp-content\/uploads\/2026\/03\/26-MARZU.mp3\" data-cover=\"\" data-caption=\"Programa #010\" data-author=\"\" class=\"wp-audio-shortcode\" id=\"audio-918-1\" preload=\"none\" style=\"width: 100%;\" controls=\"controls\"><source type=\"audio\/mpeg\" src=\"https:\/\/radiobarullu.com\/wp-content\/uploads\/2026\/03\/26-MARZU.mp3?_=1\" \/><a href=\"https:\/\/radiobarullu.com\/wp-content\/uploads\/2026\/03\/26-MARZU.mp3\">https:\/\/radiobarullu.com\/wp-content\/uploads\/2026\/03\/26-MARZU.mp3<\/a><\/audio>\t\t\t\t\t<\/div>\n\t\t\t\t<\/div>\n\t\t\t<\/div>\n\t\t\t\t\t<\/div>\n\t<\/div><\/aside><\/div>\t\t\t\t<\/div>\n\t\t\t\t<\/div>\n\t\t\t\t<\/div>\n\t\t<div class=\"elementor-element elementor-element-0da8061 e-con-full e-flex sc_layouts_column_icons_position_left e-con e-parent\" data-id=\"0da8061\" data-element_type=\"container\" data-settings=\"{&quot;background_background&quot;:&quot;classic&quot;}\">\n\t\t<div class=\"elementor-element elementor-element-6d8e0aa e-con-full e-flex sc_layouts_column_icons_position_left e-con e-child\" data-id=\"6d8e0aa\" data-element_type=\"container\">\n\t\t\t\t<div class=\"elementor-element elementor-element-0fe4dcd sc_fly_static elementor-widget elementor-widget-text-editor\" data-id=\"0fe4dcd\" data-element_type=\"widget\" data-widget_type=\"text-editor.default\">\n\t\t\t\t\t\t\t\t\t<p>Asociaci\u00f3n invitada:<br>Bar Modesto<\/p>\t\t\t\t\t\t\t\t<\/div>\n\t\t\t\t<\/div>\n\t\t<div class=\"elementor-element elementor-element-b03cc9a e-con-full e-flex sc_layouts_column_icons_position_left e-con e-child\" data-id=\"b03cc9a\" data-element_type=\"container\" data-settings=\"{&quot;background_background&quot;:&quot;classic&quot;}\">\n\t\t\t\t<div class=\"elementor-element elementor-element-638decb sc_fly_static elementor-widget elementor-widget-text-editor\" data-id=\"638decb\" data-element_type=\"widget\" data-widget_type=\"text-editor.default\">\n\t\t\t\t\t\t\t\t\t<p>Ant\u00eda Seijas<br>David Siguero<br>Ana Aspra S\u00e1nchez<br>V\u00eda Crucis Viviente de L\u2019Infiestu<\/p>\t\t\t\t\t\t\t\t<\/div>\n\t\t\t\t<\/div>\n\t\t<div class=\"elementor-element elementor-element-ac29f04 e-con-full e-flex sc_layouts_column_icons_position_left e-con e-child\" data-id=\"ac29f04\" data-element_type=\"container\" data-settings=\"{&quot;background_background&quot;:&quot;classic&quot;}\">\n\t\t\t\t<div class=\"elementor-element elementor-element-42257dc sc_fly_static elementor-widget elementor-widget-text-editor\" data-id=\"42257dc\" data-element_type=\"widget\" data-widget_type=\"text-editor.default\">\n\t\t\t\t\t\t\t\t\t<p>Coordinaci\u00f3n:<br>Alex Mart\u00ednez<\/p><p>Voz de les sinton\u00edes:<br>El\u00edas Llano<\/p>\t\t\t\t\t\t\t\t<\/div>\n\t\t\t\t<\/div>\n\t\t\t\t<\/div>\n\t\t\t\t<\/div>\n\t\t","protected":false},"excerpt":{"rendered":"<p>PROGRAMA010 26.03.26 Esti programa va de ciertos ut\u00f3picos nel chigre m\u00e1s cultural de L\u2019Infiestu. Va d\u2019asamblees pol decrecer pa siguir creciendo y de siguir baillando al ritmu de D\u00fao Impresi\u00f3n.&hellip;<\/p>\n","protected":false},"author":1,"featured_media":926,"parent":0,"menu_order":0,"comment_status":"closed","ping_status":"closed","template":"elementor_header_footer","meta":{"footnotes":""},"class_list":["post-918","page","type-page","status-publish","has-post-thumbnail","hentry"],"_hostinger_reach_plugin_has_subscription_block":false,"_hostinger_reach_plugin_is_elementor":false,"_links":{"self":[{"href":"https:\/\/radiobarullu.com\/ast-es\/wp-json\/wp\/v2\/pages\/918","targetHints":{"allow":["GET"]}}],"collection":[{"href":"https:\/\/radiobarullu.com\/ast-es\/wp-json\/wp\/v2\/pages"}],"about":[{"href":"https:\/\/radiobarullu.com\/ast-es\/wp-json\/wp\/v2\/types\/page"}],"author":[{"embeddable":true,"href":"https:\/\/radiobarullu.com\/ast-es\/wp-json\/wp\/v2\/users\/1"}],"replies":[{"embeddable":true,"href":"https:\/\/radiobarullu.com\/ast-es\/wp-json\/wp\/v2\/comments?post=918"}],"version-history":[{"count":6,"href":"https:\/\/radiobarullu.com\/ast-es\/wp-json\/wp\/v2\/pages\/918\/revisions"}],"predecessor-version":[{"id":950,"href":"https:\/\/radiobarullu.com\/ast-es\/wp-json\/wp\/v2\/pages\/918\/revisions\/950"}],"wp:featuredmedia":[{"embeddable":true,"href":"https:\/\/radiobarullu.com\/ast-es\/wp-json\/wp\/v2\/media\/926"}],"wp:attachment":[{"href":"https:\/\/radiobarullu.com\/ast-es\/wp-json\/wp\/v2\/media?parent=918"}],"curies":[{"name":"wp","href":"https:\/\/api.w.org\/{rel}","templated":true}]}}