{"id":867,"date":"2026-03-19T14:30:18","date_gmt":"2026-03-19T13:30:18","guid":{"rendered":"https:\/\/radiobarullu.com\/?page_id=867"},"modified":"2026-03-19T09:50:48","modified_gmt":"2026-03-19T08:50:48","slug":"programa-009","status":"publish","type":"page","link":"https:\/\/radiobarullu.com\/ast-es\/programa-009\/","title":{"rendered":"Programa 009"},"content":{"rendered":"\t\t<div data-elementor-type=\"wp-page\" data-elementor-id=\"867\" class=\"elementor elementor-867 elementor-866\" data-elementor-post-type=\"page\">\n\t\t\t\t<div class=\"elementor-element elementor-element-806a008 e-con-full e-flex sc_layouts_column_icons_position_left e-con e-parent\" data-id=\"806a008\" data-element_type=\"container\" data-settings=\"{&quot;background_background&quot;:&quot;classic&quot;}\">\n\t\t<div class=\"elementor-element elementor-element-a42f8df e-con-full e-flex sc_layouts_column_icons_position_left e-con e-child\" data-id=\"a42f8df\" data-element_type=\"container\">\n\t\t\t\t<div class=\"elementor-element elementor-element-cd90a47 sc_fly_static elementor-widget elementor-widget-heading\" data-id=\"cd90a47\" data-element_type=\"widget\" data-widget_type=\"heading.default\">\n\t\t\t\t\t<h2 class=\"elementor-heading-title elementor-size-default\">PRO<br>GRA<br>MA<br>009<\/h2>\t\t\t\t<\/div>\n\t\t\t\t<div class=\"elementor-element elementor-element-961ed34 sc_fly_static elementor-widget elementor-widget-heading\" data-id=\"961ed34\" data-element_type=\"widget\" data-widget_type=\"heading.default\">\n\t\t\t\t\t<h2 class=\"elementor-heading-title elementor-size-default\">19.03.26<\/h2>\t\t\t\t<\/div>\n\t\t\t\t<div class=\"elementor-element elementor-element-6bebd9f sc_fly_static elementor-widget elementor-widget-text-editor\" data-id=\"6bebd9f\" data-element_type=\"widget\" data-widget_type=\"text-editor.default\">\n\t\t\t\t\t\t\t\t\t<p>Esti programa va de t\u00edteres pa tolos p\u00fablicos y de principiar a preparanos pal V\u00eda crucis. Va d\u2019anuncios pal mes que vien porque esta semana la Ben\u00e9fica ta de descansu. Va d\u2019autoxesti\u00f3n y cultura comunitaria. Va d\u2019autoprogramaci\u00f3n, mercadinos antinavid\u00e1 y b\u00fasqueda de sedes nueves. Va de L\u2019Apiaderu y la so asamblea de muyeres. Va tami\u00e9n de les muyeres de Caf\u00e9, Galletines y Cuentinos. Va de facina, llagartu, escada, samantu, pasera y collera. Va de facer barullu ente la instituci\u00f3n y la plaza.       <\/p>\t\t\t\t\t\t\t\t<\/div>\n\t\t\t\t<\/div>\n\t\t<div class=\"elementor-element elementor-element-3914954 e-con-full e-flex sc_layouts_column_icons_position_left e-con e-child\" data-id=\"3914954\" data-element_type=\"container\" data-settings=\"{&quot;background_background&quot;:&quot;classic&quot;}\">\n\t\t\t\t<div class=\"elementor-element elementor-element-007fbd6 sc_fly_static elementor-widget elementor-widget-image\" data-id=\"007fbd6\" data-element_type=\"widget\" data-widget_type=\"image.default\">\n\t\t\t\t\t\t\t\t\t\t\t\t\t\t\t<img fetchpriority=\"high\" decoding=\"async\" width=\"860\" height=\"650\" src=\"https:\/\/radiobarullu.com\/wp-content\/uploads\/2026\/03\/009-Web-02.jpg\" class=\"attachment-full size-full wp-image-874\" alt=\"\" srcset=\"https:\/\/radiobarullu.com\/wp-content\/uploads\/2026\/03\/009-Web-02.jpg 860w, https:\/\/radiobarullu.com\/wp-content\/uploads\/2026\/03\/009-Web-02-300x227.jpg 300w, https:\/\/radiobarullu.com\/wp-content\/uploads\/2026\/03\/009-Web-02-768x580.jpg 768w, https:\/\/radiobarullu.com\/wp-content\/uploads\/2026\/03\/009-Web-02-370x280.jpg 370w, https:\/\/radiobarullu.com\/wp-content\/uploads\/2026\/03\/009-Web-02-840x635.jpg 840w, https:\/\/radiobarullu.com\/wp-content\/uploads\/2026\/03\/009-Web-02-410x310.jpg 410w\" sizes=\"(max-width: 860px) 100vw, 860px\" \/>\t\t\t\t\t\t\t\t\t\t\t\t\t\t\t<\/div>\n\t\t\t\t<\/div>\n\t\t\t\t<\/div>\n\t\t<div class=\"elementor-element elementor-element-e1b4478 e-con-full e-flex sc_layouts_column_icons_position_left e-con e-parent\" data-id=\"e1b4478\" data-element_type=\"container\">\n\t\t\t\t<div class=\"elementor-element elementor-element-10de6fd sc_fly_static elementor-widget elementor-widget-trx_widget_audio\" data-id=\"10de6fd\" data-element_type=\"widget\" data-widget_type=\"trx_widget_audio.default\">\n\t\t\t\t<div class=\"elementor-widget-container\">\n\t\t\t\t\t<div class=\"widget_area sc_widget_audio\"><aside class=\"widget widget_audio\"><div class=\"trx_addons_audio_wrap\">\n\t\t<div class=\"trx_addons_audio_list\">\n\t\t\t\t\t\t<div class=\"trx_addons_audio_player\n\t\t\t\t without_cover\t    \t\t\"\n\t\t\t\t>\n                    <div class=\"trx_addons_audio_player_image\"\n                    ><\/div>\n\n\t\t\t\t\t<div class=\"trx_addons_audio_player_wrap\">\n                    \t\t\t\t\t\t<div class=\"audio_info\">\n\t\t\t\t\t\t\t<h5 class=\"audio_now_playing\">Radiu Barullu<\/h5>\t\t\t\t\t\t\t\t<h5 class=\"audio_caption\">Programa #009<\/h5>\n\t\t\t\t\t\t\t\t\t\t\t\t\t\t<\/div>\n\t\t\t\t\t\t\t\t\t\t\t<div class=\"audio_frame audio_local\">\n\t\t\t\t\t<audio data-src=\"https:\/\/radiobarullu.com\/wp-content\/uploads\/2026\/03\/19-MARZO.mp3\" data-cover=\"\" data-caption=\"Programa #009\" data-author=\"\" class=\"wp-audio-shortcode\" id=\"audio-867-1\" preload=\"none\" style=\"width: 100%;\" controls=\"controls\"><source type=\"audio\/mpeg\" src=\"https:\/\/radiobarullu.com\/wp-content\/uploads\/2026\/03\/19-MARZO.mp3?_=1\" \/><a href=\"https:\/\/radiobarullu.com\/wp-content\/uploads\/2026\/03\/19-MARZO.mp3\">https:\/\/radiobarullu.com\/wp-content\/uploads\/2026\/03\/19-MARZO.mp3<\/a><\/audio>\t\t\t\t\t<\/div>\n\t\t\t\t<\/div>\n\t\t\t<\/div>\n\t\t\t\t\t<\/div>\n\t<\/div><\/aside><\/div>\t\t\t\t<\/div>\n\t\t\t\t<\/div>\n\t\t\t\t<\/div>\n\t\t<div class=\"elementor-element elementor-element-0da8061 e-con-full e-flex sc_layouts_column_icons_position_left e-con e-parent\" data-id=\"0da8061\" data-element_type=\"container\" data-settings=\"{&quot;background_background&quot;:&quot;classic&quot;}\">\n\t\t<div class=\"elementor-element elementor-element-6d8e0aa e-con-full e-flex sc_layouts_column_icons_position_left e-con e-child\" data-id=\"6d8e0aa\" data-element_type=\"container\">\n\t\t\t\t<div class=\"elementor-element elementor-element-0fe4dcd sc_fly_static elementor-widget elementor-widget-text-editor\" data-id=\"0fe4dcd\" data-element_type=\"widget\" data-widget_type=\"text-editor.default\">\n\t\t\t\t\t\t\t\t\t<p>Asociaci\u00f3n invitada:<br>L&#8217;Apiaderu<\/p>\t\t\t\t\t\t\t\t<\/div>\n\t\t\t\t<\/div>\n\t\t<div class=\"elementor-element elementor-element-b03cc9a e-con-full e-flex sc_layouts_column_icons_position_left e-con e-child\" data-id=\"b03cc9a\" data-element_type=\"container\" data-settings=\"{&quot;background_background&quot;:&quot;classic&quot;}\">\n\t\t\t\t<div class=\"elementor-element elementor-element-638decb sc_fly_static elementor-widget elementor-widget-text-editor\" data-id=\"638decb\" data-element_type=\"widget\" data-widget_type=\"text-editor.default\">\n\t\t\t\t\t\t\t\t\t<p>Participantes:<br>David Siguero<br>Alba Miranda<br>Azaila F. Torreiro<br>Mar\u00eda Riikonen<br>Muyeres de Caf\u00e9,<br>galletines y cuentinos<br><br><\/p>\t\t\t\t\t\t\t\t<\/div>\n\t\t\t\t<\/div>\n\t\t<div class=\"elementor-element elementor-element-ac29f04 e-con-full e-flex sc_layouts_column_icons_position_left e-con e-child\" data-id=\"ac29f04\" data-element_type=\"container\" data-settings=\"{&quot;background_background&quot;:&quot;classic&quot;}\">\n\t\t\t\t<div class=\"elementor-element elementor-element-42257dc sc_fly_static elementor-widget elementor-widget-text-editor\" data-id=\"42257dc\" data-element_type=\"widget\" data-widget_type=\"text-editor.default\">\n\t\t\t\t\t\t\t\t\t<p>Coordinaci\u00f3n:<br>Alex Mart\u00ednez<\/p><p>Voz de les sinton\u00edes:<br>El\u00edas Llano<\/p>\t\t\t\t\t\t\t\t<\/div>\n\t\t\t\t<\/div>\n\t\t\t\t<\/div>\n\t\t\t\t<\/div>\n\t\t","protected":false},"excerpt":{"rendered":"<p>PROGRAMA009 19.03.26 Esti programa va de t\u00edteres pa tolos p\u00fablicos y de principiar a preparanos pal V\u00eda crucis. Va d\u2019anuncios pal mes que vien porque esta semana la Ben\u00e9fica ta&hellip;<\/p>\n","protected":false},"author":1,"featured_media":876,"parent":0,"menu_order":0,"comment_status":"closed","ping_status":"closed","template":"elementor_header_footer","meta":{"footnotes":""},"class_list":["post-867","page","type-page","status-publish","has-post-thumbnail","hentry"],"_hostinger_reach_plugin_has_subscription_block":false,"_hostinger_reach_plugin_is_elementor":false,"_links":{"self":[{"href":"https:\/\/radiobarullu.com\/ast-es\/wp-json\/wp\/v2\/pages\/867","targetHints":{"allow":["GET"]}}],"collection":[{"href":"https:\/\/radiobarullu.com\/ast-es\/wp-json\/wp\/v2\/pages"}],"about":[{"href":"https:\/\/radiobarullu.com\/ast-es\/wp-json\/wp\/v2\/types\/page"}],"author":[{"embeddable":true,"href":"https:\/\/radiobarullu.com\/ast-es\/wp-json\/wp\/v2\/users\/1"}],"replies":[{"embeddable":true,"href":"https:\/\/radiobarullu.com\/ast-es\/wp-json\/wp\/v2\/comments?post=867"}],"version-history":[{"count":6,"href":"https:\/\/radiobarullu.com\/ast-es\/wp-json\/wp\/v2\/pages\/867\/revisions"}],"predecessor-version":[{"id":897,"href":"https:\/\/radiobarullu.com\/ast-es\/wp-json\/wp\/v2\/pages\/867\/revisions\/897"}],"wp:featuredmedia":[{"embeddable":true,"href":"https:\/\/radiobarullu.com\/ast-es\/wp-json\/wp\/v2\/media\/876"}],"wp:attachment":[{"href":"https:\/\/radiobarullu.com\/ast-es\/wp-json\/wp\/v2\/media?parent=867"}],"curies":[{"name":"wp","href":"https:\/\/api.w.org\/{rel}","templated":true}]}}