{"id":809,"date":"2026-03-12T14:30:40","date_gmt":"2026-03-12T13:30:40","guid":{"rendered":"https:\/\/radiobarullu.com\/?page_id=809"},"modified":"2026-03-12T19:14:26","modified_gmt":"2026-03-12T18:14:26","slug":"programa-007-2","status":"publish","type":"page","link":"https:\/\/radiobarullu.com\/ast-es\/programa-007-2\/","title":{"rendered":"Programa 008"},"content":{"rendered":"\t\t<div data-elementor-type=\"wp-page\" data-elementor-id=\"809\" class=\"elementor elementor-809 elementor-808\" data-elementor-post-type=\"page\">\n\t\t\t\t<div class=\"elementor-element elementor-element-806a008 e-con-full e-flex sc_layouts_column_icons_position_left e-con e-parent\" data-id=\"806a008\" data-element_type=\"container\" data-settings=\"{&quot;background_background&quot;:&quot;classic&quot;}\">\n\t\t<div class=\"elementor-element elementor-element-a42f8df e-con-full e-flex sc_layouts_column_icons_position_left e-con e-child\" data-id=\"a42f8df\" data-element_type=\"container\">\n\t\t\t\t<div class=\"elementor-element elementor-element-cd90a47 sc_fly_static elementor-widget elementor-widget-heading\" data-id=\"cd90a47\" data-element_type=\"widget\" data-widget_type=\"heading.default\">\n\t\t\t\t\t<h2 class=\"elementor-heading-title elementor-size-default\">PRO<br>GRA<br>MA<br>008<\/h2>\t\t\t\t<\/div>\n\t\t\t\t<div class=\"elementor-element elementor-element-961ed34 sc_fly_static elementor-widget elementor-widget-heading\" data-id=\"961ed34\" data-element_type=\"widget\" data-widget_type=\"heading.default\">\n\t\t\t\t\t<h2 class=\"elementor-heading-title elementor-size-default\">12.03.26<\/h2>\t\t\t\t<\/div>\n\t\t\t\t<div class=\"elementor-element elementor-element-6bebd9f sc_fly_static elementor-widget elementor-widget-text-editor\" data-id=\"6bebd9f\" data-element_type=\"widget\" data-widget_type=\"text-editor.default\">\n\t\t\t\t\t\t\t\t\t<p>Esti programa va de tar bien y tar mal al empar. Va d\u2019\u00faltimos vienres de pinchu. Va d\u2019un llibru fay\u00e9u. Va de la Donna Haraway de Caperea. Va de movimientos ciudadanos pola defensa de los recursos naturales y del paisaxe. Va de Salvemos Pe\u00f1amayor. Va d\u2019arte participativo en Pilo\u00f1a. Va de Florentino P\u00e9rez y un campamentu d\u2019influencers en Pe\u00f1amayor. Va d\u2019un americanu que llanza d\u00f3lares dende\u2019l descapotable pela Calle Covadonga. Va de que t\u2019aportando la primavera.         <\/p>\t\t\t\t\t\t\t\t<\/div>\n\t\t\t\t<\/div>\n\t\t<div class=\"elementor-element elementor-element-3914954 e-con-full e-flex sc_layouts_column_icons_position_left e-con e-child\" data-id=\"3914954\" data-element_type=\"container\" data-settings=\"{&quot;background_background&quot;:&quot;classic&quot;}\">\n\t\t\t\t<div class=\"elementor-element elementor-element-007fbd6 sc_fly_static elementor-widget elementor-widget-image\" data-id=\"007fbd6\" data-element_type=\"widget\" data-widget_type=\"image.default\">\n\t\t\t\t\t\t\t\t\t\t\t\t\t\t\t<img fetchpriority=\"high\" decoding=\"async\" width=\"860\" height=\"650\" src=\"https:\/\/radiobarullu.com\/wp-content\/uploads\/2026\/03\/008-Web-02.jpg\" class=\"attachment-full size-full wp-image-815\" alt=\"\" srcset=\"https:\/\/radiobarullu.com\/wp-content\/uploads\/2026\/03\/008-Web-02.jpg 860w, https:\/\/radiobarullu.com\/wp-content\/uploads\/2026\/03\/008-Web-02-300x227.jpg 300w, https:\/\/radiobarullu.com\/wp-content\/uploads\/2026\/03\/008-Web-02-768x580.jpg 768w, https:\/\/radiobarullu.com\/wp-content\/uploads\/2026\/03\/008-Web-02-370x280.jpg 370w, https:\/\/radiobarullu.com\/wp-content\/uploads\/2026\/03\/008-Web-02-840x635.jpg 840w, https:\/\/radiobarullu.com\/wp-content\/uploads\/2026\/03\/008-Web-02-410x310.jpg 410w\" sizes=\"(max-width: 860px) 100vw, 860px\" \/>\t\t\t\t\t\t\t\t\t\t\t\t\t\t\t<\/div>\n\t\t\t\t<\/div>\n\t\t\t\t<\/div>\n\t\t<div class=\"elementor-element elementor-element-e1b4478 e-con-full e-flex sc_layouts_column_icons_position_left e-con e-parent\" data-id=\"e1b4478\" data-element_type=\"container\">\n\t\t\t\t<div class=\"elementor-element elementor-element-10de6fd sc_fly_static elementor-widget elementor-widget-trx_widget_audio\" data-id=\"10de6fd\" data-element_type=\"widget\" data-widget_type=\"trx_widget_audio.default\">\n\t\t\t\t<div class=\"elementor-widget-container\">\n\t\t\t\t\t<div class=\"widget_area sc_widget_audio\"><aside class=\"widget widget_audio\"><div class=\"trx_addons_audio_wrap\">\n\t\t<div class=\"trx_addons_audio_list\">\n\t\t\t\t\t\t<div class=\"trx_addons_audio_player\n\t\t\t\t without_cover\t    \t\t\"\n\t\t\t\t>\n                    <div class=\"trx_addons_audio_player_image\"\n                    ><\/div>\n\n\t\t\t\t\t<div class=\"trx_addons_audio_player_wrap\">\n                    \t\t\t\t\t\t<div class=\"audio_info\">\n\t\t\t\t\t\t\t<h5 class=\"audio_now_playing\">Radiu Barullu<\/h5>\t\t\t\t\t\t\t\t<h5 class=\"audio_caption\">Programa #007<\/h5>\n\t\t\t\t\t\t\t\t\t\t\t\t\t\t<\/div>\n\t\t\t\t\t\t\t\t\t\t\t<div class=\"audio_frame audio_local\">\n\t\t\t\t\t<audio data-src=\"https:\/\/radiobarullu.com\/wp-content\/uploads\/2026\/03\/12-MARZU.mp3\" data-cover=\"\" data-caption=\"Programa #007\" data-author=\"\" class=\"wp-audio-shortcode\" id=\"audio-809-1\" preload=\"none\" style=\"width: 100%;\" controls=\"controls\"><source type=\"audio\/mpeg\" src=\"https:\/\/radiobarullu.com\/wp-content\/uploads\/2026\/03\/12-MARZU.mp3?_=1\" \/><a href=\"https:\/\/radiobarullu.com\/wp-content\/uploads\/2026\/03\/12-MARZU.mp3\">https:\/\/radiobarullu.com\/wp-content\/uploads\/2026\/03\/12-MARZU.mp3<\/a><\/audio>\t\t\t\t\t<\/div>\n\t\t\t\t<\/div>\n\t\t\t<\/div>\n\t\t\t\t\t<\/div>\n\t<\/div><\/aside><\/div>\t\t\t\t<\/div>\n\t\t\t\t<\/div>\n\t\t\t\t<\/div>\n\t\t<div class=\"elementor-element elementor-element-0da8061 e-con-full e-flex sc_layouts_column_icons_position_left e-con e-parent\" data-id=\"0da8061\" data-element_type=\"container\" data-settings=\"{&quot;background_background&quot;:&quot;classic&quot;}\">\n\t\t<div class=\"elementor-element elementor-element-6d8e0aa e-con-full e-flex sc_layouts_column_icons_position_left e-con e-child\" data-id=\"6d8e0aa\" data-element_type=\"container\">\n\t\t\t\t<div class=\"elementor-element elementor-element-0fe4dcd sc_fly_static elementor-widget elementor-widget-text-editor\" data-id=\"0fe4dcd\" data-element_type=\"widget\" data-widget_type=\"text-editor.default\">\n\t\t\t\t\t\t\t\t\t<p>Asociaci\u00f3n invitada:<br>Salvemos Pe\u00f1amayor<\/p>\t\t\t\t\t\t\t\t<\/div>\n\t\t\t\t<\/div>\n\t\t<div class=\"elementor-element elementor-element-b03cc9a e-con-full e-flex sc_layouts_column_icons_position_left e-con e-child\" data-id=\"b03cc9a\" data-element_type=\"container\" data-settings=\"{&quot;background_background&quot;:&quot;classic&quot;}\">\n\t\t\t\t<div class=\"elementor-element elementor-element-638decb sc_fly_static elementor-widget elementor-widget-text-editor\" data-id=\"638decb\" data-element_type=\"widget\" data-widget_type=\"text-editor.default\">\n\t\t\t\t\t\t\t\t\t<p>Participantes:<br>Ant\u00eda Seijas<br>David Siguero<br>Luc\u00eda Vega Fuentes<br>Laura Lucio<br>Llori\u00e1n Garc\u00eda<br>Modesto Barro<br><br><\/p>\t\t\t\t\t\t\t\t<\/div>\n\t\t\t\t<\/div>\n\t\t<div class=\"elementor-element elementor-element-ac29f04 e-con-full e-flex sc_layouts_column_icons_position_left e-con e-child\" data-id=\"ac29f04\" data-element_type=\"container\" data-settings=\"{&quot;background_background&quot;:&quot;classic&quot;}\">\n\t\t\t\t<div class=\"elementor-element elementor-element-42257dc sc_fly_static elementor-widget elementor-widget-text-editor\" data-id=\"42257dc\" data-element_type=\"widget\" data-widget_type=\"text-editor.default\">\n\t\t\t\t\t\t\t\t\t<p>Coordinaci\u00f3n:<br>Alex Mart\u00ednez<\/p><p>Voz de les sinton\u00edes:<br>El\u00edas Llano<\/p>\t\t\t\t\t\t\t\t<\/div>\n\t\t\t\t<\/div>\n\t\t\t\t<\/div>\n\t\t\t\t<\/div>\n\t\t","protected":false},"excerpt":{"rendered":"<p>PROGRAMA008 12.03.26 Esti programa va de tar bien y tar mal al empar. Va d\u2019\u00faltimos vienres de pinchu. Va d\u2019un llibru fay\u00e9u. Va de la Donna Haraway de Caperea. Va&hellip;<\/p>\n","protected":false},"author":1,"featured_media":815,"parent":0,"menu_order":0,"comment_status":"closed","ping_status":"closed","template":"elementor_header_footer","meta":{"footnotes":""},"class_list":["post-809","page","type-page","status-publish","has-post-thumbnail","hentry"],"_hostinger_reach_plugin_has_subscription_block":false,"_hostinger_reach_plugin_is_elementor":false,"_links":{"self":[{"href":"https:\/\/radiobarullu.com\/ast-es\/wp-json\/wp\/v2\/pages\/809","targetHints":{"allow":["GET"]}}],"collection":[{"href":"https:\/\/radiobarullu.com\/ast-es\/wp-json\/wp\/v2\/pages"}],"about":[{"href":"https:\/\/radiobarullu.com\/ast-es\/wp-json\/wp\/v2\/types\/page"}],"author":[{"embeddable":true,"href":"https:\/\/radiobarullu.com\/ast-es\/wp-json\/wp\/v2\/users\/1"}],"replies":[{"embeddable":true,"href":"https:\/\/radiobarullu.com\/ast-es\/wp-json\/wp\/v2\/comments?post=809"}],"version-history":[{"count":8,"href":"https:\/\/radiobarullu.com\/ast-es\/wp-json\/wp\/v2\/pages\/809\/revisions"}],"predecessor-version":[{"id":848,"href":"https:\/\/radiobarullu.com\/ast-es\/wp-json\/wp\/v2\/pages\/809\/revisions\/848"}],"wp:featuredmedia":[{"embeddable":true,"href":"https:\/\/radiobarullu.com\/ast-es\/wp-json\/wp\/v2\/media\/815"}],"wp:attachment":[{"href":"https:\/\/radiobarullu.com\/ast-es\/wp-json\/wp\/v2\/media?parent=809"}],"curies":[{"name":"wp","href":"https:\/\/api.w.org\/{rel}","templated":true}]}}