{"id":648,"date":"2026-02-11T15:53:38","date_gmt":"2026-02-11T14:53:38","guid":{"rendered":"https:\/\/radiobarullu.com\/?page_id=648"},"modified":"2026-03-26T09:21:24","modified_gmt":"2026-03-26T08:21:24","slug":"murmullu","status":"publish","type":"page","link":"https:\/\/radiobarullu.com\/ast-es\/murmullu\/","title":{"rendered":"Murmullu"},"content":{"rendered":"\t\t<div data-elementor-type=\"wp-page\" data-elementor-id=\"648\" class=\"elementor elementor-648 elementor-647\" data-elementor-post-type=\"page\">\n\t\t\t\t<div class=\"e-con-with-custom-width elementor-element elementor-element-0a071ed e-flex e-con-boxed sc_layouts_column_icons_position_left e-con e-parent\" data-id=\"0a071ed\" data-element_type=\"container\" data-settings=\"{&quot;background_background&quot;:&quot;classic&quot;}\">\n\t\t\t\t\t<div class=\"e-con-inner\">\n\t\t<div class=\"elementor-element elementor-element-0b8c258 e-con-full e-flex sc_layouts_column_icons_position_left e-con e-child\" data-id=\"0b8c258\" data-element_type=\"container\">\n\t\t\t\t<div class=\"elementor-element elementor-element-50ba725 elementor-view-default sc_fly_static elementor-widget elementor-widget-icon\" data-id=\"50ba725\" data-element_type=\"widget\" data-widget_type=\"icon.default\">\n\t\t\t\t\t\t\t<div class=\"elementor-icon-wrapper\">\n\t\t\t<div class=\"elementor-icon\">\n\t\t\t<svg aria-hidden=\"true\" class=\"e-font-icon-svg e-fas-arrow-down\" viewBox=\"0 0 448 512\" xmlns=\"http:\/\/www.w3.org\/2000\/svg\"><path d=\"M413.1 222.5l22.2 22.2c9.4 9.4 9.4 24.6 0 33.9L241 473c-9.4 9.4-24.6 9.4-33.9 0L12.7 278.6c-9.4-9.4-9.4-24.6 0-33.9l22.2-22.2c9.5-9.5 25-9.3 34.3.4L184 343.4V56c0-13.3 10.7-24 24-24h32c13.3 0 24 10.7 24 24v287.4l114.8-120.5c9.3-9.8 24.8-10 34.3-.4z\"><\/path><\/svg>\t\t\t<\/div>\n\t\t<\/div>\n\t\t\t\t\t\t<\/div>\n\t\t\t\t<\/div>\n\t\t<div class=\"elementor-element elementor-element-ce28a22 e-con-full e-flex sc_layouts_column_icons_position_left e-con e-child\" data-id=\"ce28a22\" data-element_type=\"container\">\n\t\t\t\t<div class=\"elementor-element elementor-element-a8cea9a sc_fly_static elementor-widget elementor-widget-heading\" data-id=\"a8cea9a\" data-element_type=\"widget\" data-widget_type=\"heading.default\">\n\t\t\t\t\t<h2 class=\"elementor-heading-title elementor-size-default\">murmullu<\/h2>\t\t\t\t<\/div>\n\t\t\t\t<\/div>\n\t\t\t\t\t<\/div>\n\t\t\t\t<\/div>\n\t\t<div class=\"elementor-element elementor-element-cca8a2e e-flex e-con-boxed sc_layouts_column_icons_position_left e-con e-parent\" data-id=\"cca8a2e\" data-element_type=\"container\">\n\t\t\t\t\t<div class=\"e-con-inner\">\n\t\t<div class=\"elementor-element elementor-element-cd9e0eb e-con-full e-flex sc_layouts_column_icons_position_left e-con e-child\" data-id=\"cd9e0eb\" data-element_type=\"container\">\n\t\t\t\t<div class=\"elementor-element elementor-element-f2512d1 sc_fly_static elementor-widget elementor-widget-text-editor\" data-id=\"f2512d1\" data-element_type=\"widget\" data-widget_type=\"text-editor.default\">\n\t\t\t\t\t\t\t\t\t<p><b>MURMULLU <\/b><span style=\"font-weight: 400;\">ye una residencia pa facer podcasts n\u2019asturianu impulsada por La Ben\u00e9fica de Pilo\u00f1a (Pilo\u00f1a), LABoral Centro de Arte (Xix\u00f3n), Conseyu de la Moced\u00e1 d\u2019Asturies (CMPA) y XtraRadio, Casa de les Radios (Bimenes).<\/span><\/p><p><span style=\"font-weight: 400;\">Tamos buscando moced\u00e1 residente n\u2019Asturies con inter\u00e9s na radio. Esta convocatoria nun se dirixe a artistes o perfiles espec\u00edficos, sin\u00f3n a cualquier persona con molici\u00f3n por crear un podcast propiu. La tem\u00e1tica del podcast es llibre y el n\u00famberu de participantes por propuesta ye d\u2019ente 1 y 5 persones ente 14 y 35 a\u00f1os. Nun fai falta esperiencia art\u00edstica, solo inter\u00e9s por facer radio. <\/span><\/p><p><span style=\"font-weight: 400;\">\u00bfCu\u00e1l ye\u2019l tema sobre\u2019l que te gustar\u00eda falar? \u00bfC\u00f3mo sedr\u00eda\u2019l formatu del podcast? \u00bfCon qui\u00e9n puedes collaborar pa facelo posible?  <\/span><\/p><p><span style=\"font-weight: 400;\">La residencia nun ofrez nam\u00e1s un espaciu de trabayu sin\u00f3n que nos comprometemos a acompa\u00f1ar los proyectos, dar apoyu econ\u00f3micu y ofrecer un espaciu de producci\u00f3n repos\u00e1u. Cada residente o grupu de residentes va contar con: <\/span><\/p><p><span style=\"color: #00cc66;\">1.000\u20ac en conceptu d\u2019honorarios<span style=\"font-weight: 400;\"> <\/span><\/span><\/p><p><span style=\"color: #00cc66;\">500\u20ac en conceptu de producci\u00f3n y gastos del proyectu<\/span><\/p><p><span style=\"color: #00cc66;\">Equipu t\u00e9cnicu de grabaci\u00f3n, producci\u00f3n y edici\u00f3n<\/span><\/p><p><span style=\"color: #00cc66;\">Espaciu de trabayu y de grabaci\u00f3n<\/span><\/p><p><span style=\"color: #00cc66;\">Una bolsa d\u2019hores pa mentor\u00edes especializaes<\/span><\/p><p><span style=\"color: #00cc66;\">3 formaciones sobre producci\u00f3n de podcast y otres necesidaes del proyectu<\/span><\/p><p><span style=\"color: #00cc66;\">Dise\u00f1u d\u2019imaxe y difusi\u00f3n nes redes y medios de les entidaes collaboradores<\/span><\/p>\t\t\t\t\t\t\t\t<\/div>\n\t\t\t\t<div class=\"elementor-element elementor-element-f983142 elementor-widget-divider--separator-type-pattern elementor-widget-divider--view-line sc_fly_static elementor-widget elementor-widget-divider\" data-id=\"f983142\" data-element_type=\"widget\" data-widget_type=\"divider.default\">\n\t\t\t\t\t\t\t<div class=\"elementor-divider\" style=\"--divider-pattern-url: url(&quot;data:image\/svg+xml,%3Csvg xmlns=&#039;http:\/\/www.w3.org\/2000\/svg&#039; preserveAspectRatio=&#039;none&#039; overflow=&#039;visible&#039; height=&#039;100%&#039; viewBox=&#039;0 0 20 16&#039; fill=&#039;none&#039; stroke=&#039;black&#039; stroke-width=&#039;1&#039; stroke-linecap=&#039;square&#039; stroke-miterlimit=&#039;10&#039;%3E%3Cg transform=&#039;translate(-12.000000, 0)&#039;%3E%3Cpath d=&#039;M28,0L10,18&#039;\/%3E%3Cpath d=&#039;M18,0L0,18&#039;\/%3E%3Cpath d=&#039;M48,0L30,18&#039;\/%3E%3Cpath d=&#039;M38,0L20,18&#039;\/%3E%3C\/g%3E%3C\/svg%3E&quot;);\">\n\t\t\t<span class=\"elementor-divider-separator\">\n\t\t\t\t\t\t<\/span>\n\t\t<\/div>\n\t\t\t\t\t\t<\/div>\n\t\t\t\t<div class=\"elementor-element elementor-element-0570fe7 sc_fly_static elementor-widget elementor-widget-text-editor\" data-id=\"0570fe7\" data-element_type=\"widget\" data-widget_type=\"text-editor.default\">\n\t\t\t\t\t\t\t\t\t<p>Pa participar:<\/p>\t\t\t\t\t\t\t\t<\/div>\n\t\t\t\t<div class=\"elementor-element elementor-element-a070478 elementor-align-justify sc_fly_static elementor-widget elementor-widget-button\" data-id=\"a070478\" data-element_type=\"widget\" data-widget_type=\"button.default\">\n\t\t\t\t\t\t\t\t\t\t<a class=\"elementor-button elementor-button-link elementor-size-sm\" href=\"https:\/\/radiobarullu.com\/wp-content\/uploads\/2026\/02\/Bases-Residencias-CAST.pdf\" target=\"_blank\">\n\t\t\t\t\t\t<span class=\"elementor-button-content-wrapper\">\n\t\t\t\t\t\t\t\t\t<span class=\"elementor-button-text\">BASES MURMULLU<\/span>\n\t\t\t\t\t<\/span>\n\t\t\t\t\t<\/a>\n\t\t\t\t\t\t\t\t<\/div>\n\t\t\t\t<div class=\"elementor-element elementor-element-a3d2f6d elementor-align-justify sc_fly_static elementor-widget elementor-widget-button\" data-id=\"a3d2f6d\" data-element_type=\"widget\" data-widget_type=\"button.default\">\n\t\t\t\t\t\t\t\t\t\t<a class=\"elementor-button elementor-button-link elementor-size-sm\" href=\"https:\/\/docs.google.com\/forms\/d\/e\/1FAIpQLSfB1WgZPstpvUhThDkzJ0mjgPSxOMQa9t4g0em4RbzI17sTug\/viewform\" target=\"_blank\">\n\t\t\t\t\t\t<span class=\"elementor-button-content-wrapper\">\n\t\t\t\t\t\t\t\t\t<span class=\"elementor-button-text\">FORMULARIU<\/span>\n\t\t\t\t\t<\/span>\n\t\t\t\t\t<\/a>\n\t\t\t\t\t\t\t\t<\/div>\n\t\t\t\t<div class=\"elementor-element elementor-element-de9071b sc_fly_static elementor-widget elementor-widget-text-editor\" data-id=\"de9071b\" data-element_type=\"widget\" data-widget_type=\"text-editor.default\">\n\t\t\t\t\t\t\t\t\t<p>La fecha tope pa rellenar el formulariu<br>ye\u2019l 22 de marzu del 2026 a les 23:59h<\/p>\t\t\t\t\t\t\t\t<\/div>\n\t\t\t\t<div class=\"elementor-element elementor-element-1434955 elementor-widget-divider--separator-type-pattern elementor-widget-divider--view-line sc_fly_static elementor-widget elementor-widget-divider\" data-id=\"1434955\" data-element_type=\"widget\" data-widget_type=\"divider.default\">\n\t\t\t\t\t\t\t<div class=\"elementor-divider\" style=\"--divider-pattern-url: url(&quot;data:image\/svg+xml,%3Csvg xmlns=&#039;http:\/\/www.w3.org\/2000\/svg&#039; preserveAspectRatio=&#039;none&#039; overflow=&#039;visible&#039; height=&#039;100%&#039; viewBox=&#039;0 0 20 16&#039; fill=&#039;none&#039; stroke=&#039;black&#039; stroke-width=&#039;1&#039; stroke-linecap=&#039;square&#039; stroke-miterlimit=&#039;10&#039;%3E%3Cg transform=&#039;translate(-12.000000, 0)&#039;%3E%3Cpath d=&#039;M28,0L10,18&#039;\/%3E%3Cpath d=&#039;M18,0L0,18&#039;\/%3E%3Cpath d=&#039;M48,0L30,18&#039;\/%3E%3Cpath d=&#039;M38,0L20,18&#039;\/%3E%3C\/g%3E%3C\/svg%3E&quot;);\">\n\t\t\t<span class=\"elementor-divider-separator\">\n\t\t\t\t\t\t<\/span>\n\t\t<\/div>\n\t\t\t\t\t\t<\/div>\n\t\t\t\t<div class=\"elementor-element elementor-element-f0b1452 sc_fly_static elementor-widget elementor-widget-image\" data-id=\"f0b1452\" data-element_type=\"widget\" data-widget_type=\"image.default\">\n\t\t\t\t\t\t\t\t\t\t\t\t\t\t\t<img decoding=\"async\" src=\"https:\/\/radiobarullu.com\/wp-content\/uploads\/elementor\/thumbs\/Logos-rjnwf6lsyscj94ac4tz3o0h08zt7c30ho3fc384540.png\" title=\"Logos\" alt=\"Logos\" loading=\"lazy\" \/>\t\t\t\t\t\t\t\t\t\t\t\t\t\t\t<\/div>\n\t\t\t\t<\/div>\n\t\t\t\t\t<\/div>\n\t\t\t\t<\/div>\n\t\t\t\t<\/div>\n\t\t","protected":false},"excerpt":{"rendered":"<p>murmullu MURMULLU ye una residencia pa facer podcasts n\u2019asturianu impulsada por La Ben\u00e9fica de Pilo\u00f1a (Pilo\u00f1a), LABoral Centro de Arte (Xix\u00f3n), Conseyu de la Moced\u00e1 d\u2019Asturies (CMPA) y XtraRadio, Casa&hellip;<\/p>\n","protected":false},"author":1,"featured_media":444,"parent":0,"menu_order":0,"comment_status":"closed","ping_status":"closed","template":"elementor_header_footer","meta":{"footnotes":""},"class_list":["post-648","page","type-page","status-publish","has-post-thumbnail","hentry"],"_hostinger_reach_plugin_has_subscription_block":false,"_hostinger_reach_plugin_is_elementor":false,"_links":{"self":[{"href":"https:\/\/radiobarullu.com\/ast-es\/wp-json\/wp\/v2\/pages\/648","targetHints":{"allow":["GET"]}}],"collection":[{"href":"https:\/\/radiobarullu.com\/ast-es\/wp-json\/wp\/v2\/pages"}],"about":[{"href":"https:\/\/radiobarullu.com\/ast-es\/wp-json\/wp\/v2\/types\/page"}],"author":[{"embeddable":true,"href":"https:\/\/radiobarullu.com\/ast-es\/wp-json\/wp\/v2\/users\/1"}],"replies":[{"embeddable":true,"href":"https:\/\/radiobarullu.com\/ast-es\/wp-json\/wp\/v2\/comments?post=648"}],"version-history":[{"count":11,"href":"https:\/\/radiobarullu.com\/ast-es\/wp-json\/wp\/v2\/pages\/648\/revisions"}],"predecessor-version":[{"id":970,"href":"https:\/\/radiobarullu.com\/ast-es\/wp-json\/wp\/v2\/pages\/648\/revisions\/970"}],"wp:featuredmedia":[{"embeddable":true,"href":"https:\/\/radiobarullu.com\/ast-es\/wp-json\/wp\/v2\/media\/444"}],"wp:attachment":[{"href":"https:\/\/radiobarullu.com\/ast-es\/wp-json\/wp\/v2\/media?parent=648"}],"curies":[{"name":"wp","href":"https:\/\/api.w.org\/{rel}","templated":true}]}}